{"id":35,"date":"2023-04-03T21:38:15","date_gmt":"2023-04-03T21:38:15","guid":{"rendered":"https:\/\/novaplastsnc.net\/?page_id=35"},"modified":"2026-03-16T01:38:02","modified_gmt":"2026-03-16T00:38:02","slug":"limpegno-green-di-novaplastsnc","status":"publish","type":"page","link":"https:\/\/novaplastsnc.net\/it\/limpegno-green-di-novaplastsnc\/","title":{"rendered":"Green"},"content":{"rendered":"<p>[et_pb_section fb_built=&#8221;1&#8243; admin_label=&#8221;header&#8221; _builder_version=&#8221;4.23.1&#8243; _module_preset=&#8221;default&#8221; background_image=&#8221;https:\/\/novaplastsnc.net\/wp-content\/uploads\/2023\/11\/MG_9823-copy-1.jpg&#8221; background_enable_image=&#8221;on&#8221; background_size=&#8221;cover&#8221; background_enable_video_mp4=&#8221;off&#8221; custom_padding=&#8221;0px||0px||false|false&#8221; custom_css_main_element=&#8221;height: calc(100vh &#8211; 120px)&#8221; da_disable_devices=&#8221;off|off|off&#8221; global_colors_info=&#8221;{}&#8221; theme_builder_area=&#8221;post_content&#8221; da_is_popup=&#8221;off&#8221; da_exit_intent=&#8221;off&#8221; da_has_close=&#8221;on&#8221; da_alt_close=&#8221;off&#8221; da_dark_close=&#8221;off&#8221; da_not_modal=&#8221;on&#8221; da_is_singular=&#8221;off&#8221; da_with_loader=&#8221;off&#8221; da_has_shadow=&#8221;on&#8221;][et_pb_row make_equal=&#8221;on&#8221; _builder_version=&#8221;4.23.1&#8243; _module_preset=&#8221;default&#8221; background_color=&#8221;rgba(0,0,0,0.6)&#8221; width=&#8221;100%&#8221; max_width=&#8221;none&#8221; height=&#8221;100%&#8221; custom_padding=&#8221;0px|1rem|0px|1rem|false|true&#8221; custom_css_main_element=&#8221;align-items: center;||display: flex;&#8221; global_colors_info=&#8221;{}&#8221; theme_builder_area=&#8221;post_content&#8221;][et_pb_column type=&#8221;4_4&#8243; _builder_version=&#8221;4.23.1&#8243; _module_preset=&#8221;default&#8221; global_colors_info=&#8221;{}&#8221; theme_builder_area=&#8221;post_content&#8221;][et_pb_text module_class=&#8221;title2&#8243; _builder_version=&#8221;4.23.1&#8243; _module_preset=&#8221;default&#8221; text_orientation=&#8221;center&#8221; background_layout=&#8221;dark&#8221; module_alignment=&#8221;center&#8221; global_colors_info=&#8221;{}&#8221; theme_builder_area=&#8221;post_content&#8221;]<\/p>\n<h1><span class=\"letter-spacing\">ALLUNGA<span class=\"no-space\"> <\/span>VITA<\/span><br \/>ALLA PLASTICA!<\/h1>\n<p>[\/et_pb_text][\/et_pb_column][\/et_pb_row][\/et_pb_section][et_pb_section fb_built=&#8221;1&#8243; admin_label=&#8221;Section&#8221; _builder_version=&#8221;4.23.1&#8243; _module_preset=&#8221;default&#8221; background_color=&#8221;#ffffff&#8221; background_enable_color=&#8221;on&#8221; da_disable_devices=&#8221;off|off|off&#8221; border_radii=&#8221;off||||20vw&#8221; global_colors_info=&#8221;{}&#8221; theme_builder_area=&#8221;post_content&#8221; da_is_popup=&#8221;off&#8221; da_exit_intent=&#8221;off&#8221; da_has_close=&#8221;on&#8221; da_alt_close=&#8221;off&#8221; da_dark_close=&#8221;off&#8221; da_not_modal=&#8221;on&#8221; da_is_singular=&#8221;off&#8221; da_with_loader=&#8221;off&#8221; da_has_shadow=&#8221;on&#8221;][et_pb_row column_structure=&#8221;1_2,1_2&#8243; _builder_version=&#8221;4.23.1&#8243; _module_preset=&#8221;default&#8221; global_colors_info=&#8221;{}&#8221; theme_builder_area=&#8221;post_content&#8221;][et_pb_column type=&#8221;1_2&#8243; _builder_version=&#8221;4.20.0&#8243; _module_preset=&#8221;default&#8221; global_colors_info=&#8221;{}&#8221; theme_builder_area=&#8221;post_content&#8221;][et_pb_image src=&#8221;https:\/\/novaplastsnc.net\/wp-content\/uploads\/2023\/11\/scene2.png&#8221; title_text=&#8221;scene2&#8243; align=&#8221;center&#8221; _builder_version=&#8221;4.23.1&#8243; _module_preset=&#8221;default&#8221; global_colors_info=&#8221;{}&#8221; theme_builder_area=&#8221;post_content&#8221;][\/et_pb_image][\/et_pb_column][et_pb_column type=&#8221;1_2&#8243; _builder_version=&#8221;4.20.0&#8243; _module_preset=&#8221;default&#8221; global_colors_info=&#8221;{}&#8221; theme_builder_area=&#8221;post_content&#8221;][et_pb_image src=&#8221;https:\/\/novaplastsnc.net\/wp-content\/uploads\/2023\/11\/scenme1.png&#8221; title_text=&#8221;scenme1&#8243; align=&#8221;center&#8221; _builder_version=&#8221;4.23.1&#8243; _module_preset=&#8221;default&#8221; global_colors_info=&#8221;{}&#8221; theme_builder_area=&#8221;post_content&#8221;][\/et_pb_image][\/et_pb_column][\/et_pb_row][et_pb_row _builder_version=&#8221;4.20.0&#8243; _module_preset=&#8221;default&#8221; global_colors_info=&#8221;{}&#8221; theme_builder_area=&#8221;post_content&#8221;][et_pb_column type=&#8221;4_4&#8243; _builder_version=&#8221;4.20.0&#8243; _module_preset=&#8221;default&#8221; global_colors_info=&#8221;{}&#8221; theme_builder_area=&#8221;post_content&#8221;][et_pb_text _builder_version=&#8221;4.23.1&#8243; _module_preset=&#8221;default&#8221; text_orientation_tablet=&#8221;justified&#8221; text_orientation_phone=&#8221;justified&#8221; text_orientation_last_edited=&#8221;on|phone&#8221; global_colors_info=&#8221;{}&#8221; theme_builder_area=&#8221;post_content&#8221;]<\/p>\n<p>L&#8217;impegno che <span style=\"color: #217080;\"><strong>NOVAPLAST<\/strong><\/span> si assume nei confronti dell&#8217;ambiente si concretizza in azioni che la societ\u00e0 ha posto e continua a porre come centrali.<br \/>Il riutilizzo di scarti e sfridi derivanti dal proprio ciclo di produzione e l&#8217;acquisizione di Materia Prima Seconda sono da sempre al centro delle politiche aziendali di <span style=\"color: #217080;\"><strong>NOVAPLAST<\/strong><\/span>.<br \/>\u00c8 cos\u00ec che nascono la \u201c<strong><a href=\"\/catalogo#linea3r\">Linea &#8211; 3R<\/a><\/strong>\u201d e la \u201c<a href=\"\/catalogo#linea2r\"><strong>Linea &#8211; 2R<\/strong><\/a>\u201d: linee di semilavorati dedicate alle aziende di produzione di scope e spazzole per la pulizia della casa.<\/p>\n<p>[\/et_pb_text][\/et_pb_column][\/et_pb_row][\/et_pb_section][et_pb_section fb_built=&#8221;1&#8243; admin_label=&#8221;Section&#8221; _builder_version=&#8221;4.23.1&#8243; _module_preset=&#8221;default&#8221; background_color=&#8221;#C6CFD3&#8243; background_enable_color=&#8221;on&#8221; custom_margin=&#8221;3rem||||false|false&#8221; da_disable_devices=&#8221;off|off|off&#8221; border_radii=&#8221;off||20vw||20vw&#8221; global_colors_info=&#8221;{}&#8221; theme_builder_area=&#8221;post_content&#8221; da_is_popup=&#8221;off&#8221; da_exit_intent=&#8221;off&#8221; da_has_close=&#8221;on&#8221; da_alt_close=&#8221;off&#8221; da_dark_close=&#8221;off&#8221; da_not_modal=&#8221;on&#8221; da_is_singular=&#8221;off&#8221; da_with_loader=&#8221;off&#8221; da_has_shadow=&#8221;on&#8221;][et_pb_row _builder_version=&#8221;4.20.0&#8243; _module_preset=&#8221;default&#8221; global_colors_info=&#8221;{}&#8221; theme_builder_area=&#8221;post_content&#8221;][et_pb_column type=&#8221;4_4&#8243; _builder_version=&#8221;4.20.0&#8243; _module_preset=&#8221;default&#8221; global_colors_info=&#8221;{}&#8221; theme_builder_area=&#8221;post_content&#8221;][et_pb_text _builder_version=&#8221;4.23.1&#8243; _module_preset=&#8221;default&#8221; header_2_text_align=&#8221;center&#8221; header_3_font=&#8221;||||||||&#8221; global_colors_info=&#8221;{}&#8221; theme_builder_area=&#8221;post_content&#8221;]<\/p>\n<h2>PROCESSO DI RECUPERO DI NOVAPLAST<\/h2>\n<p>[\/et_pb_text][\/et_pb_column][\/et_pb_row][et_pb_row column_structure=&#8221;1_2,1_2&#8243; make_equal=&#8221;on&#8221; _builder_version=&#8221;4.23.1&#8243; _module_preset=&#8221;default&#8221; max_width=&#8221;1800px&#8221; custom_css_main_element=&#8221;align-items: center&#8221; global_colors_info=&#8221;{}&#8221; theme_builder_area=&#8221;post_content&#8221;][et_pb_column type=&#8221;1_2&#8243; _builder_version=&#8221;4.20.0&#8243; _module_preset=&#8221;default&#8221; global_colors_info=&#8221;{}&#8221; theme_builder_area=&#8221;post_content&#8221;][et_pb_image src=&#8221;https:\/\/novaplastsnc.net\/wp-content\/uploads\/2023\/11\/GRAFICO_ICON.png&#8221; align=&#8221;center&#8221; _builder_version=&#8221;4.23.1&#8243; _module_preset=&#8221;default&#8221; border_radii=&#8221;off|10px|50px|50px|50px&#8221; global_colors_info=&#8221;{}&#8221; theme_builder_area=&#8221;post_content&#8221;][\/et_pb_image][\/et_pb_column][et_pb_column type=&#8221;1_2&#8243; _builder_version=&#8221;4.20.0&#8243; _module_preset=&#8221;default&#8221; global_colors_info=&#8221;{}&#8221; theme_builder_area=&#8221;post_content&#8221;][et_pb_image src=&#8221;https:\/\/novaplastsnc.net\/wp-content\/uploads\/2023\/11\/SYMBOLS_ICON.png&#8221; title_text=&#8221;SYMBOLS_ICON&#8221; align=&#8221;center&#8221; _builder_version=&#8221;4.23.1&#8243; _module_preset=&#8221;default&#8221; border_radii=&#8221;off|10px|50px|50px|50px&#8221; global_colors_info=&#8221;{}&#8221; theme_builder_area=&#8221;post_content&#8221;][\/et_pb_image][\/et_pb_column][\/et_pb_row][\/et_pb_section][et_pb_section fb_built=&#8221;1&#8243; admin_label=&#8221;Section&#8221; _builder_version=&#8221;4.23.1&#8243; _module_preset=&#8221;default&#8221; background_color=&#8221;#ffffff&#8221; background_enable_color=&#8221;on&#8221; custom_margin=&#8221;3rem||||false|false&#8221; da_disable_devices=&#8221;off|off|off&#8221; border_radii=&#8221;off||20vw|20vw|&#8221; global_colors_info=&#8221;{}&#8221; theme_builder_area=&#8221;post_content&#8221; disabled_on=&#8221;on|on|on&#8221; disabled=&#8221;on&#8221; da_is_popup=&#8221;off&#8221; da_exit_intent=&#8221;off&#8221; da_has_close=&#8221;on&#8221; da_alt_close=&#8221;off&#8221; da_dark_close=&#8221;off&#8221; da_not_modal=&#8221;on&#8221; da_is_singular=&#8221;off&#8221; da_with_loader=&#8221;off&#8221; da_has_shadow=&#8221;on&#8221;][et_pb_row column_structure=&#8221;1_2,1_2&#8243; make_equal=&#8221;on&#8221; _builder_version=&#8221;4.23.1&#8243; _module_preset=&#8221;default&#8221; custom_padding=&#8221;1rem|1rem|0px|1rem|false|true&#8221; custom_css_main_element=&#8221;align-items: center;&#8221; global_colors_info=&#8221;{}&#8221; theme_builder_area=&#8221;post_content&#8221;][et_pb_column type=&#8221;1_2&#8243; _builder_version=&#8221;4.20.0&#8243; _module_preset=&#8221;default&#8221; global_colors_info=&#8221;{}&#8221; theme_builder_area=&#8221;post_content&#8221;][et_pb_image src=&#8221;https:\/\/novaplastsnc.net\/wp-content\/uploads\/2023\/11\/PSV_ICON.png&#8221; alt=&#8221;NOVAPLAST possiede la titolarit\u00e0 del marchio Plastica Seconda Vita da raccolta differenziata&#8221; title_text=&#8221;PSV_ICON&#8221; url=&#8221;https:\/\/www.ippr.it\/plastica-seconda-vita\/tipologie-di-marchio-psv\/&#8221; align=&#8221;right&#8221; align_tablet=&#8221;center&#8221; align_phone=&#8221;center&#8221; align_last_edited=&#8221;on|phone&#8221; _builder_version=&#8221;4.23.1&#8243; _module_preset=&#8221;default&#8221; global_colors_info=&#8221;{}&#8221; theme_builder_area=&#8221;post_content&#8221;][\/et_pb_image][\/et_pb_column][et_pb_column type=&#8221;1_2&#8243; _builder_version=&#8221;4.20.0&#8243; _module_preset=&#8221;default&#8221; global_colors_info=&#8221;{}&#8221; theme_builder_area=&#8221;post_content&#8221;][et_pb_text _builder_version=&#8221;4.23.1&#8243; _module_preset=&#8221;default&#8221; header_2_font=&#8221;|||on|||||&#8221; header_2_text_align=&#8221;left&#8221; header_3_font=&#8221;||||||||&#8221; header_2_text_align_tablet=&#8221;center&#8221; header_2_text_align_phone=&#8221;center&#8221; header_2_text_align_last_edited=&#8221;on|phone&#8221; global_colors_info=&#8221;{}&#8221; theme_builder_area=&#8221;post_content&#8221;]<\/p>\n<h2>Marchio PSV<\/h2>\n<p>[\/et_pb_text][\/et_pb_column][\/et_pb_row][et_pb_row _builder_version=&#8221;4.20.0&#8243; _module_preset=&#8221;default&#8221; custom_padding=&#8221;1rem|1rem|0px|1rem|false|true&#8221; global_colors_info=&#8221;{}&#8221; theme_builder_area=&#8221;post_content&#8221;][et_pb_column type=&#8221;4_4&#8243; _builder_version=&#8221;4.20.0&#8243; _module_preset=&#8221;default&#8221; global_colors_info=&#8221;{}&#8221; theme_builder_area=&#8221;post_content&#8221;][et_pb_text _builder_version=&#8221;4.23.1&#8243; _module_preset=&#8221;default&#8221; text_orientation_tablet=&#8221;justified&#8221; text_orientation_phone=&#8221;justified&#8221; text_orientation_last_edited=&#8221;on|tablet&#8221; global_colors_info=&#8221;{}&#8221; theme_builder_area=&#8221;post_content&#8221;]<\/p>\n<p>&#8220;<strong>Plastica Seconda Vita<\/strong>&#8221; \u00e8 il primo marchio italiano ed europeo dedicato alla plastica ricciata.<br \/>\u00c8 un sistema di <strong>certificazione ambientale<\/strong> di prodotto dedicato ai materiali ed ai manufatti ottenuti dalla valorizzazione dei rifiuti plastici provenienti dalla <strong>raccolta differenziata<\/strong> e da materiali e manufatti ottenuti da <strong>scarto industriale<\/strong>.<br \/>Questo attesta la percentuale di materiale riciclato di cui \u00e8 composto il prodotto, garantendone la rintracciabilit\u00e0 e la qualit\u00e0.<\/p>\n<p>Tale certificazione permette inoltre di:<\/p>\n<ul>\n<li>qualificare i manufatti e le <strong>materie prime seconde<\/strong>;<\/li>\n<li>riconoscere i manufatti rientranti negli <strong>Acquisti Pubblici Verdi<\/strong>;<\/li>\n<li>operare scelte <strong>eco-sostenibili<\/strong> da parte dei cittadini;<\/li>\n<li>rispondere attivamente alle crescenti richieste di consumi e produzioni <strong>eco-sostenibili<\/strong>;<\/li>\n<li>promuovere attivamente l&#8217;utilizzo di materiali che rientrino nelle politiche di <strong>economia circolare<\/strong>.<\/li>\n<\/ul>\n<p>Il suo disciplinare \u00e8 riconosciutoda <strong>Accredia<\/strong>: ci\u00f2 significa che possiede tutte le <strong>caratteristiche di oggettivit\u00e0, accessibilit\u00e0, imparzialit\u00e0 e indipendenza delle etichettature<\/strong> che possono essere espressamente richieste dagli enti appaltanti (art. 69 del Codice Appalti, Dlgs. 50\/2016); per lo stesso motivo \u00e8 espressamente citato dai decreti riportanti i Criteri Ambientali Minimi (CAM) per il Green Public Procurement come mezzo di verifica della conformit\u00e0 del contenuto di plastica riccilata. Punta sulle garanzie offerte dagli standard tecnici di settore UNI UNIPLAST 10667 e dalle verifiche da enti di certificazione accreditati.<\/p>\n<p>La titolarit\u00e0 del marchio \u00e8 dell&#8217;associazione IPPR (Istituto per la Promozione delle Plastiche da Riciclo) www.ippr.it che viene concesso in uso alle aziende.<\/p>\n<p><strong>NOVAPLAST possiede la titolarit\u00e0 del marchio Plastica Seconda Vita da RACCOLTA DIFFERENZIATA con Certificato n# 973\/2023 &#8211; Emissione del 13.07.2023<\/strong> ed \u00e8 sottoposto a sorveglianza continua da parte di IIP srl ed \u00e8 autorizzato ad apporre sui prodotti certificati con marchio &#8220;Plastica Seconda Vita&#8221; PSV\/RD con <strong>numero distintivo 5660<\/strong>.<\/p>\n<p>[\/et_pb_text][\/et_pb_column][\/et_pb_row][\/et_pb_section][et_pb_section fb_built=&#8221;1&#8243; admin_label=&#8221;Section&#8221; _builder_version=&#8221;4.23.1&#8243; _module_preset=&#8221;default&#8221; background_color=&#8221;#C6CFD3&#8243; background_enable_color=&#8221;on&#8221; da_disable_devices=&#8221;off|off|off&#8221; global_colors_info=&#8221;{}&#8221; theme_builder_area=&#8221;post_content&#8221; da_is_popup=&#8221;off&#8221; da_exit_intent=&#8221;off&#8221; da_has_close=&#8221;on&#8221; da_alt_close=&#8221;off&#8221; da_dark_close=&#8221;off&#8221; da_not_modal=&#8221;on&#8221; da_is_singular=&#8221;off&#8221; da_with_loader=&#8221;off&#8221; da_has_shadow=&#8221;on&#8221;][et_pb_row _builder_version=&#8221;4.23.1&#8243; _module_preset=&#8221;default&#8221; background_enable_image=&#8221;off&#8221; background_size=&#8221;contain&#8221; global_colors_info=&#8221;{}&#8221; theme_builder_area=&#8221;post_content&#8221;][et_pb_column type=&#8221;4_4&#8243; _builder_version=&#8221;4.20.0&#8243; _module_preset=&#8221;default&#8221; global_colors_info=&#8221;{}&#8221; theme_builder_area=&#8221;post_content&#8221;][et_pb_cta module_class=&#8221;title1&#8243; _builder_version=&#8221;4.23.1&#8243; _module_preset=&#8221;default&#8221; header_font=&#8221;|||on|||||&#8221; background_enable_color=&#8221;off&#8221; background_image=&#8221;https:\/\/novaplastsnc.net\/wp-content\/uploads\/2023\/04\/ECONOMIA_CIRCOLARE.png&#8221; background_size=&#8221;contain&#8221; custom_padding=&#8221;4rem||||false|false&#8221; global_colors_info=&#8221;{}&#8221; theme_builder_area=&#8221;post_content&#8221;]<\/p>\n<h2>Economia Circolare<br \/>e non pi\u00f9 Lineare<\/h2>\n<p>[\/et_pb_cta][\/et_pb_column][\/et_pb_row][et_pb_row column_structure=&#8221;1_2,1_2&#8243; _builder_version=&#8221;4.23.1&#8243; _module_preset=&#8221;default&#8221; global_colors_info=&#8221;{}&#8221; theme_builder_area=&#8221;post_content&#8221;][et_pb_column type=&#8221;1_2&#8243; _builder_version=&#8221;4.20.0&#8243; _module_preset=&#8221;default&#8221; global_colors_info=&#8221;{}&#8221; theme_builder_area=&#8221;post_content&#8221;][et_pb_text _builder_version=&#8221;4.23.1&#8243; _module_preset=&#8221;default&#8221; text_orientation_tablet=&#8221;justified&#8221; text_orientation_phone=&#8221;justified&#8221; text_orientation_last_edited=&#8221;on|phone&#8221; global_colors_info=&#8221;{}&#8221; theme_builder_area=&#8221;post_content&#8221;]<\/p>\n<p>L&#8217;economia lineare che fino ad ora abbiamo conosciuto, fondata sul consumo senza freni e caratterizzata dall&#8217;usa e getta&#8221;, ha negli anni portato ad un&#8217; inesorabile sfruttamento ed inquinamento del nostro pianeta.<br \/><span style=\"color: #217080;\"><strong>NOVAPLAST<\/strong><\/span>, attenta ai criterii dell&#8217;<strong>economia circolare<\/strong>, al suo interno cerca di ridurre al massimo i rifiuti della sua vita aziendale.<br \/><span style=\"color: #217080;\"><strong>NOVAPLAST<\/strong><\/span> ha ottenuto il riconoscimento <strong>PRS Green Label<\/strong>, in quanto ha contribuito attivamente al riutilizzo dei pallet PRS con un tasso di <strong>recupero superiore al 65%<\/strong> dei pallet utilizzati.<\/p>\n<p>[\/et_pb_text][\/et_pb_column][et_pb_column type=&#8221;1_2&#8243; _builder_version=&#8221;4.20.0&#8243; _module_preset=&#8221;default&#8221; global_colors_info=&#8221;{}&#8221; theme_builder_area=&#8221;post_content&#8221;][et_pb_image src=&#8221;https:\/\/novaplastsnc.net\/wp-content\/uploads\/certificaat_novaplast-snc.jpg&#8221; title_text=&#8221;certificaat_novaplast-snc&#8221; url_new_window=&#8221;on&#8221; align=&#8221;center&#8221; _builder_version=&#8221;4.27.6&#8243; _module_preset=&#8221;default&#8221; hover_enabled=&#8221;0&#8243; global_colors_info=&#8221;{}&#8221; theme_builder_area=&#8221;post_content&#8221; sticky_enabled=&#8221;0&#8243;][\/et_pb_image][\/et_pb_column][\/et_pb_row][\/et_pb_section]<\/p>\n","protected":false},"excerpt":{"rendered":"<p>L\u2019impegno GREEN che NOVAPLAST si assume si concretizza in azioni che la societ\u00e0 ha posto e continua a porre come centrali.<\/p>\n","protected":false},"author":1,"featured_media":0,"parent":0,"menu_order":0,"comment_status":"closed","ping_status":"closed","template":"","meta":{"_et_pb_use_builder":"on","_et_pb_old_content":"","_et_gb_content_width":"","footnotes":""},"class_list":["post-35","page","type-page","status-publish","hentry"],"_links":{"self":[{"href":"https:\/\/novaplastsnc.net\/it\/wp-json\/wp\/v2\/pages\/35","targetHints":{"allow":["GET"]}}],"collection":[{"href":"https:\/\/novaplastsnc.net\/it\/wp-json\/wp\/v2\/pages"}],"about":[{"href":"https:\/\/novaplastsnc.net\/it\/wp-json\/wp\/v2\/types\/page"}],"author":[{"embeddable":true,"href":"https:\/\/novaplastsnc.net\/it\/wp-json\/wp\/v2\/users\/1"}],"replies":[{"embeddable":true,"href":"https:\/\/novaplastsnc.net\/it\/wp-json\/wp\/v2\/comments?post=35"}],"version-history":[{"count":2,"href":"https:\/\/novaplastsnc.net\/it\/wp-json\/wp\/v2\/pages\/35\/revisions"}],"predecessor-version":[{"id":982,"href":"https:\/\/novaplastsnc.net\/it\/wp-json\/wp\/v2\/pages\/35\/revisions\/982"}],"wp:attachment":[{"href":"https:\/\/novaplastsnc.net\/it\/wp-json\/wp\/v2\/media?parent=35"}],"curies":[{"name":"wp","href":"https:\/\/api.w.org\/{rel}","templated":true}]}}